{"id":558,"date":"2016-05-29T18:24:20","date_gmt":"2016-05-29T18:24:20","guid":{"rendered":"http:\/\/keinesweibesknecht.de\/?page_id=558"},"modified":"2018-09-23T06:28:02","modified_gmt":"2018-09-23T06:28:02","slug":"videos","status":"publish","type":"page","link":"https:\/\/keinesweibesknecht.de\/?page_id=558","title":{"rendered":"Videos"},"content":{"rendered":"<p><strong>Die Cold Water Beer Challange<br \/>\n<\/strong>Wir behaupten mal, wir waren die ersten aus dem Bereich &#8222;Mittelalter&#8220; &#8230;<\/p>\n<p><iframe loading=\"lazy\" src=\"https:\/\/www.youtube.com\/embed\/FkkkwGc7uwA?rel=0\" width=\"560\" height=\"315\" frameborder=\"0\" allowfullscreen=\"allowfullscreen\"><\/iframe><br \/>\nIm Vorschaubild zu sehen, unsere Herausforderer!<\/p>\n<p><strong>Keines Weibes Knecht, die Soap<\/strong> &#8211; klingt komisch, is&#8216; aber so.<\/p>\n<ol>\n<li><a href=\"https:\/\/www.youtube.com\/watch?v=y4sLc31TeQc\" target=\"_blank\" rel=\"noopener\">Feuer machen wie im Mittelalter<\/a><\/li>\n<li><a href=\"https:\/\/www.youtube.com\/watch?v=bga2-9CPS-w\" target=\"_blank\" rel=\"noopener\">Einfache Schmiedearbeit (Feuerschl\u00e4ger)<\/a><\/li>\n<li><a href=\"https:\/\/www.youtube.com\/watch?v=x4yqvN0vBs8\" target=\"_blank\" rel=\"noopener\">Zunderherstellung<\/a><\/li>\n<li><a href=\"https:\/\/www.youtube.com\/watch?v=XiP8rNVBgVc\" target=\"_blank\" rel=\"noopener\">Hirsebrei<\/a><\/li>\n<li><a href=\"https:\/\/www.youtube.com\/watch?v=hSp19xlw_8A\" target=\"_blank\" rel=\"noopener\">Spanns\u00e4ge, Dreule und Knochenw\u00fcrfel<\/a><\/li>\n<li><a href=\"https:\/\/www.youtube.com\/watch?v=xElcdfpP2H0\" target=\"_blank\" rel=\"noopener\">Lehmbackofen Teil 1<\/a><\/li>\n<li><a href=\"https:\/\/www.youtube.com\/watch?v=JX9d_pKlKJk\" target=\"_blank\" rel=\"noopener\">Lehmbackofen Teil 2 &#8211; Feuer machen und Apfel-, Zwiebelschmalz<\/a><\/li>\n<li><a href=\"https:\/\/www.youtube.com\/watch?v=rcyRrJQVsVY\" target=\"_blank\" rel=\"noopener\">&#8222;Gebackene&#8220; Zwiebel<\/a><\/li>\n<li><a href=\"https:\/\/www.youtube.com\/watch?v=dlBn9J3Ktg8\" target=\"_blank\" rel=\"noopener\">Fechtdepressionen<\/a><\/li>\n<li><a href=\"https:\/\/www.youtube.com\/watch?v=ZPmn3jIKj3Q\" target=\"_blank\" rel=\"noopener\">Dulcimer, die Weiterentwicklung vom Scheitholt<\/a><\/li>\n<li><a href=\"https:\/\/www.youtube.com\/watch?v=iaukFbSNiTg\" target=\"_blank\" rel=\"noopener\">Wanderung: Burg Rotenburg &#8211; Dom Verden<\/a><\/li>\n<li><a href=\"https:\/\/www.youtube.com\/watch?v=nCGh0O6bkvE\" target=\"_blank\" rel=\"noopener\">Ausschnitt unserer Modenschau<\/a><\/li>\n<li><a href=\"https:\/\/www.youtube.com\/watch?v=raXaHQY-QiY\" target=\"_blank\" rel=\"noopener\">Wolle f\u00e4rben mit Zwiebelschalen<\/a><\/li>\n<li><a href=\"https:\/\/www.youtube.com\/watch?v=YxoL87ysW1U\" target=\"_blank\" rel=\"noopener\">Senf<\/a><\/li>\n<li><a href=\"https:\/\/www.youtube.com\/watch?v=NRXpYHPjVHw\" target=\"_blank\" rel=\"noopener\">Erbsen mit Speck<\/a><\/li>\n<\/ol>\n<p>&nbsp;<\/p>\n<p><strong>Sonstiges Videos<\/strong><\/p>\n<ul>\n<li><a href=\"https:\/\/www.youtube.com\/watch?v=gGMB3mSDLp4\" target=\"_blank\" rel=\"noopener\">Dulcimer<\/a><\/li>\n<li><a href=\"https:\/\/www.youtube.com\/watch?v=xpQFdTEb-bs\" target=\"_blank\" rel=\"noopener\">Schlacht bei Altenesch 1234 \/ 2012<\/a><\/li>\n<li><a href=\"https:\/\/www.youtube.com\/watch?v=wPMn0SjR-no\" target=\"_blank\" rel=\"noopener\">Schnittfest<\/a><\/li>\n<li><a href=\"https:\/\/www.youtube.com\/watch?v=Ctzz26pdDdM\" target=\"_blank\" rel=\"noopener\">Gl\u00fcckshaus Spiel<\/a> &#8211; unvollendet<\/li>\n<li><a href=\"https:\/\/www.youtube.com\/watch?v=Q1UzL35K2Ro\" target=\"_blank\" rel=\"noopener\">Sp\u00e4tmittelalter im Norden &#8211; Fr\u00fchjahr 2016<\/a><\/li>\n<li><a href=\"https:\/\/www.youtube.com\/watch?v=E6GFkQkoHLE\" target=\"_blank\" rel=\"noopener\">Internationaler Museumstag 2016<\/a><\/li>\n<\/ul>\n<p>&nbsp;<\/p>\n<p><strong>Soundtrack<\/strong><\/p>\n<p><em>Blut, Gold &#8230; Keines Weibes Knecht<\/em><\/p>\n<!--[if lt IE 9]><script>document.createElement('audio');<\/script><![endif]-->\n<audio class=\"wp-audio-shortcode\" id=\"audio-558-1\" preload=\"none\" style=\"width: 100%;\" controls=\"controls\"><source type=\"audio\/mpeg\" src=\"http:\/\/keinesweibesknecht.de\/wp-content\/uploads\/2016\/05\/blut-gold.mp3?_=1\" \/><a href=\"http:\/\/keinesweibesknecht.de\/wp-content\/uploads\/2016\/05\/blut-gold.mp3\">http:\/\/keinesweibesknecht.de\/wp-content\/uploads\/2016\/05\/blut-gold.mp3<\/a><\/audio>\n<p>&nbsp;<\/p>\n<p><em>Wir sind Keines Weibes Knecht<\/em><\/p>\n<audio class=\"wp-audio-shortcode\" id=\"audio-558-2\" preload=\"none\" style=\"width: 100%;\" controls=\"controls\"><source type=\"audio\/mpeg\" src=\"http:\/\/keinesweibesknecht.de\/wp-content\/uploads\/2016\/06\/wir-sind-keines-weibes-knecht.mp3?_=2\" \/><a href=\"http:\/\/keinesweibesknecht.de\/wp-content\/uploads\/2016\/06\/wir-sind-keines-weibes-knecht.mp3\">http:\/\/keinesweibesknecht.de\/wp-content\/uploads\/2016\/06\/wir-sind-keines-weibes-knecht.mp3<\/a><\/audio>\n<p>&nbsp;<\/p>\n<p><img data-attachment-id=\"730\" data-permalink=\"https:\/\/keinesweibesknecht.de\/?attachment_id=730\" data-orig-file=\"https:\/\/keinesweibesknecht.de\/wp-content\/uploads\/2016\/05\/wappenunten.png\" data-orig-size=\"510,279\" data-comments-opened=\"1\" data-image-meta=\"{&quot;aperture&quot;:&quot;0&quot;,&quot;credit&quot;:&quot;&quot;,&quot;camera&quot;:&quot;&quot;,&quot;caption&quot;:&quot;&quot;,&quot;created_timestamp&quot;:&quot;0&quot;,&quot;copyright&quot;:&quot;&quot;,&quot;focal_length&quot;:&quot;0&quot;,&quot;iso&quot;:&quot;0&quot;,&quot;shutter_speed&quot;:&quot;0&quot;,&quot;title&quot;:&quot;&quot;,&quot;orientation&quot;:&quot;0&quot;}\" data-image-title=\"wappenunten\" data-image-description=\"\" data-image-caption=\"\" data-medium-file=\"https:\/\/keinesweibesknecht.de\/wp-content\/uploads\/2016\/05\/wappenunten-300x164.png\" data-large-file=\"https:\/\/keinesweibesknecht.de\/wp-content\/uploads\/2016\/05\/wappenunten.png\" decoding=\"async\" loading=\"lazy\" class=\"alignleft wp-image-730 size-full\" src=\"http:\/\/keinesweibesknecht.de\/wp-content\/uploads\/2016\/05\/wappenunten.png\" alt=\"wappenunten\" width=\"510\" height=\"279\" srcset=\"https:\/\/keinesweibesknecht.de\/wp-content\/uploads\/2016\/05\/wappenunten.png 510w, https:\/\/keinesweibesknecht.de\/wp-content\/uploads\/2016\/05\/wappenunten-300x164.png 300w\" sizes=\"(max-width: 510px) 100vw, 510px\" \/><\/p>\n","protected":false},"excerpt":{"rendered":"<p>Die Cold Water Beer Challange Wir behaupten mal, wir waren die ersten aus dem Bereich &#8222;Mittelalter&#8220; &#8230; Im Vorschaubild zu sehen, unsere Herausforderer! Keines Weibes Knecht, die Soap &#8211; klingt komisch, is&#8216; aber so. Feuer machen wie im Mittelalter Einfache Schmiedearbeit (Feuerschl\u00e4ger) Zunderherstellung Hirsebrei Spanns\u00e4ge, Dreule und Knochenw\u00fcrfel Lehmbackofen Teil 1 Lehmbackofen Teil 2 &#8211; [&hellip;]<\/p>\n","protected":false},"author":1,"featured_media":0,"parent":0,"menu_order":0,"comment_status":"closed","ping_status":"closed","template":"","meta":{"ocean_post_layout":"","ocean_both_sidebars_style":"","ocean_both_sidebars_content_width":0,"ocean_both_sidebars_sidebars_width":0,"ocean_sidebar":"","ocean_second_sidebar":"","ocean_disable_margins":"enable","ocean_add_body_class":"","ocean_shortcode_before_top_bar":"","ocean_shortcode_after_top_bar":"","ocean_shortcode_before_header":"","ocean_shortcode_after_header":"","ocean_has_shortcode":"","ocean_shortcode_after_title":"","ocean_shortcode_before_footer_widgets":"","ocean_shortcode_after_footer_widgets":"","ocean_shortcode_before_footer_bottom":"","ocean_shortcode_after_footer_bottom":"","ocean_display_top_bar":"default","ocean_display_header":"default","ocean_header_style":"","ocean_center_header_left_menu":"","ocean_custom_header_template":"","ocean_custom_logo":0,"ocean_custom_retina_logo":0,"ocean_custom_logo_max_width":0,"ocean_custom_logo_tablet_max_width":0,"ocean_custom_logo_mobile_max_width":0,"ocean_custom_logo_max_height":0,"ocean_custom_logo_tablet_max_height":0,"ocean_custom_logo_mobile_max_height":0,"ocean_header_custom_menu":"","ocean_menu_typo_font_family":"","ocean_menu_typo_font_subset":"","ocean_menu_typo_font_size":0,"ocean_menu_typo_font_size_tablet":0,"ocean_menu_typo_font_size_mobile":0,"ocean_menu_typo_font_size_unit":"px","ocean_menu_typo_font_weight":"","ocean_menu_typo_font_weight_tablet":"","ocean_menu_typo_font_weight_mobile":"","ocean_menu_typo_transform":"","ocean_menu_typo_transform_tablet":"","ocean_menu_typo_transform_mobile":"","ocean_menu_typo_line_height":0,"ocean_menu_typo_line_height_tablet":0,"ocean_menu_typo_line_height_mobile":0,"ocean_menu_typo_line_height_unit":"","ocean_menu_typo_spacing":0,"ocean_menu_typo_spacing_tablet":0,"ocean_menu_typo_spacing_mobile":0,"ocean_menu_typo_spacing_unit":"","ocean_menu_link_color":"","ocean_menu_link_color_hover":"","ocean_menu_link_color_active":"","ocean_menu_link_background":"","ocean_menu_link_hover_background":"","ocean_menu_link_active_background":"","ocean_menu_social_links_bg":"","ocean_menu_social_hover_links_bg":"","ocean_menu_social_links_color":"","ocean_menu_social_hover_links_color":"","ocean_disable_title":"default","ocean_disable_heading":"default","ocean_post_title":"","ocean_post_subheading":"","ocean_post_title_style":"","ocean_post_title_background_color":"","ocean_post_title_background":0,"ocean_post_title_bg_image_position":"","ocean_post_title_bg_image_attachment":"","ocean_post_title_bg_image_repeat":"","ocean_post_title_bg_image_size":"","ocean_post_title_height":0,"ocean_post_title_bg_overlay":0.5,"ocean_post_title_bg_overlay_color":"","ocean_disable_breadcrumbs":"default","ocean_breadcrumbs_color":"","ocean_breadcrumbs_separator_color":"","ocean_breadcrumbs_links_color":"","ocean_breadcrumbs_links_hover_color":"","ocean_display_footer_widgets":"default","ocean_display_footer_bottom":"default","ocean_custom_footer_template":"","jetpack_post_was_ever_published":false},"jetpack_sharing_enabled":true,"jetpack_shortlink":"https:\/\/wp.me\/P7AkNx-90","jetpack_likes_enabled":true,"_links":{"self":[{"href":"https:\/\/keinesweibesknecht.de\/index.php?rest_route=\/wp\/v2\/pages\/558"}],"collection":[{"href":"https:\/\/keinesweibesknecht.de\/index.php?rest_route=\/wp\/v2\/pages"}],"about":[{"href":"https:\/\/keinesweibesknecht.de\/index.php?rest_route=\/wp\/v2\/types\/page"}],"author":[{"embeddable":true,"href":"https:\/\/keinesweibesknecht.de\/index.php?rest_route=\/wp\/v2\/users\/1"}],"replies":[{"embeddable":true,"href":"https:\/\/keinesweibesknecht.de\/index.php?rest_route=%2Fwp%2Fv2%2Fcomments&post=558"}],"version-history":[{"count":12,"href":"https:\/\/keinesweibesknecht.de\/index.php?rest_route=\/wp\/v2\/pages\/558\/revisions"}],"predecessor-version":[{"id":1365,"href":"https:\/\/keinesweibesknecht.de\/index.php?rest_route=\/wp\/v2\/pages\/558\/revisions\/1365"}],"wp:attachment":[{"href":"https:\/\/keinesweibesknecht.de\/index.php?rest_route=%2Fwp%2Fv2%2Fmedia&parent=558"}],"curies":[{"name":"wp","href":"https:\/\/api.w.org\/{rel}","templated":true}]}}