{"id":1443,"date":"2019-06-17T10:49:15","date_gmt":"2019-06-17T10:49:15","guid":{"rendered":"http:\/\/keinesweibesknecht.de\/?page_id=1443"},"modified":"2021-02-27T15:15:14","modified_gmt":"2021-02-27T15:15:14","slug":"gott-erbarme-uns","status":"publish","type":"page","link":"https:\/\/keinesweibesknecht.de\/?page_id=1443","title":{"rendered":"&#8222;Gott erbarme uns&#8220;"},"content":{"rendered":"<p>Anl\u00e4sslich der Sonderausstellung &#8222;Gott erbarme es&#8220; &#8211; der 30 j\u00e4hrige Krieg im Weserraum vom Museum Nienburg, starteten die Mitglieder David und Eike von Keines Weibes Knecht ein Projekt, welches sich auschliesslich dem Thema der Kriegsknechte, insbesondere der Musketiere und Pikeniere dieser Epoche, dem 17. Jahrhundert, widmet.<\/p>\n<p>Das Deb\u00fct gab es im Juni 2019 im Museum Nienburg zu sehen, bei dem aus dem Tagebuch von Peter Hagendorf (ein S\u00f6ldner aus dem 30 j\u00e4hrigen Krieg, der seine Erlebnisse in einem Tagebuch festhielt) berichtet wurde. \u201eUniformen\u201c konnten bestaunt werden und die sachgerechte Handhabung einer Muskete und einer Wallb\u00fcchse wurde demonstriert.<\/p>\n<div class=\"tiled-gallery type-rectangular tiled-gallery-unresized\" data-original-width=\"1200\" data-carousel-extra='{&quot;blog_id&quot;:1,&quot;permalink&quot;:&quot;https:\\\/\\\/keinesweibesknecht.de\\\/?page_id=1443&quot;,&quot;likes_blog_id&quot;:112094111}' itemscope itemtype=\"http:\/\/schema.org\/ImageGallery\" > <div class=\"gallery-row\" style=\"width: 1200px; height: 800px;\" data-original-width=\"1200\" data-original-height=\"800\" > <div class=\"gallery-group images-1\" style=\"width: 800px; height: 800px;\" data-original-width=\"800\" data-original-height=\"800\" > <div class=\"tiled-gallery-item tiled-gallery-item-large\" itemprop=\"associatedMedia\" itemscope itemtype=\"http:\/\/schema.org\/ImageObject\"> <a href=\"https:\/\/keinesweibesknecht.de\/?attachment_id=1444\" border=\"0\" itemprop=\"url\"> <meta itemprop=\"width\" content=\"796\"> <meta itemprop=\"height\" content=\"796\"> <img data-attachment-id=\"1444\" data-orig-file=\"https:\/\/keinesweibesknecht.de\/wp-content\/uploads\/2019\/06\/60338434_645006229273077_1242623958168109056_n.jpg\" data-orig-size=\"960,960\" data-comments-opened=\"1\" data-image-meta=\"{&quot;aperture&quot;:&quot;0&quot;,&quot;credit&quot;:&quot;&quot;,&quot;camera&quot;:&quot;&quot;,&quot;caption&quot;:&quot;&quot;,&quot;created_timestamp&quot;:&quot;0&quot;,&quot;copyright&quot;:&quot;&quot;,&quot;focal_length&quot;:&quot;0&quot;,&quot;iso&quot;:&quot;0&quot;,&quot;shutter_speed&quot;:&quot;0&quot;,&quot;title&quot;:&quot;&quot;,&quot;orientation&quot;:&quot;0&quot;}\" data-image-title=\"60338434_645006229273077_1242623958168109056_n\" data-image-description=\"\" data-medium-file=\"https:\/\/keinesweibesknecht.de\/wp-content\/uploads\/2019\/06\/60338434_645006229273077_1242623958168109056_n-300x300.jpg\" data-large-file=\"https:\/\/keinesweibesknecht.de\/wp-content\/uploads\/2019\/06\/60338434_645006229273077_1242623958168109056_n-845x845.jpg\" src=\"https:\/\/i0.wp.com\/keinesweibesknecht.de\/wp-content\/uploads\/2019\/06\/60338434_645006229273077_1242623958168109056_n.jpg?w=796&#038;h=796&#038;crop=1&#038;ssl=1\" width=\"796\" height=\"796\" data-original-width=\"796\" data-original-height=\"796\" itemprop=\"http:\/\/schema.org\/image\" title=\"60338434_645006229273077_1242623958168109056_n\" alt=\"60338434_645006229273077_1242623958168109056_n\" style=\"width: 796px; height: 796px;\" \/> <\/a> <\/div> <\/div> <!-- close group --> <div class=\"gallery-group images-2\" style=\"width: 400px; height: 800px;\" data-original-width=\"400\" data-original-height=\"800\" > <div class=\"tiled-gallery-item tiled-gallery-item-large\" itemprop=\"associatedMedia\" itemscope itemtype=\"http:\/\/schema.org\/ImageObject\"> <a href=\"https:\/\/keinesweibesknecht.de\/?attachment_id=1448\" border=\"0\" itemprop=\"url\"> <meta itemprop=\"width\" content=\"396\"> <meta itemprop=\"height\" content=\"396\"> <img data-attachment-id=\"1448\" data-orig-file=\"https:\/\/keinesweibesknecht.de\/wp-content\/uploads\/2019\/06\/61581271_655824908191209_516396420647878656_n.jpg\" data-orig-size=\"960,960\" data-comments-opened=\"1\" data-image-meta=\"{&quot;aperture&quot;:&quot;0&quot;,&quot;credit&quot;:&quot;&quot;,&quot;camera&quot;:&quot;&quot;,&quot;caption&quot;:&quot;&quot;,&quot;created_timestamp&quot;:&quot;0&quot;,&quot;copyright&quot;:&quot;&quot;,&quot;focal_length&quot;:&quot;0&quot;,&quot;iso&quot;:&quot;0&quot;,&quot;shutter_speed&quot;:&quot;0&quot;,&quot;title&quot;:&quot;&quot;,&quot;orientation&quot;:&quot;0&quot;}\" data-image-title=\"61581271_655824908191209_516396420647878656_n\" data-image-description=\"\" data-medium-file=\"https:\/\/keinesweibesknecht.de\/wp-content\/uploads\/2019\/06\/61581271_655824908191209_516396420647878656_n-300x300.jpg\" data-large-file=\"https:\/\/keinesweibesknecht.de\/wp-content\/uploads\/2019\/06\/61581271_655824908191209_516396420647878656_n-845x845.jpg\" src=\"https:\/\/i0.wp.com\/keinesweibesknecht.de\/wp-content\/uploads\/2019\/06\/61581271_655824908191209_516396420647878656_n.jpg?w=396&#038;h=396&#038;crop=1&#038;ssl=1\" width=\"396\" height=\"396\" data-original-width=\"396\" data-original-height=\"396\" itemprop=\"http:\/\/schema.org\/image\" title=\"61581271_655824908191209_516396420647878656_n\" alt=\"61581271_655824908191209_516396420647878656_n\" style=\"width: 396px; height: 396px;\" \/> <\/a> <\/div> <div class=\"tiled-gallery-item tiled-gallery-item-large\" itemprop=\"associatedMedia\" itemscope itemtype=\"http:\/\/schema.org\/ImageObject\"> <a href=\"https:\/\/keinesweibesknecht.de\/?attachment_id=1445\" border=\"0\" itemprop=\"url\"> <meta itemprop=\"width\" content=\"396\"> <meta itemprop=\"height\" content=\"396\"> <img data-attachment-id=\"1445\" data-orig-file=\"https:\/\/keinesweibesknecht.de\/wp-content\/uploads\/2019\/06\/60408028_645006222606411_6058157770232823808_n.jpg\" data-orig-size=\"960,960\" data-comments-opened=\"1\" data-image-meta=\"{&quot;aperture&quot;:&quot;0&quot;,&quot;credit&quot;:&quot;&quot;,&quot;camera&quot;:&quot;&quot;,&quot;caption&quot;:&quot;&quot;,&quot;created_timestamp&quot;:&quot;0&quot;,&quot;copyright&quot;:&quot;&quot;,&quot;focal_length&quot;:&quot;0&quot;,&quot;iso&quot;:&quot;0&quot;,&quot;shutter_speed&quot;:&quot;0&quot;,&quot;title&quot;:&quot;&quot;,&quot;orientation&quot;:&quot;0&quot;}\" data-image-title=\"60408028_645006222606411_6058157770232823808_n\" data-image-description=\"\" data-medium-file=\"https:\/\/keinesweibesknecht.de\/wp-content\/uploads\/2019\/06\/60408028_645006222606411_6058157770232823808_n-300x300.jpg\" data-large-file=\"https:\/\/keinesweibesknecht.de\/wp-content\/uploads\/2019\/06\/60408028_645006222606411_6058157770232823808_n-845x845.jpg\" src=\"https:\/\/i0.wp.com\/keinesweibesknecht.de\/wp-content\/uploads\/2019\/06\/60408028_645006222606411_6058157770232823808_n.jpg?w=396&#038;h=396&#038;crop=1&#038;ssl=1\" width=\"396\" height=\"396\" data-original-width=\"396\" data-original-height=\"396\" itemprop=\"http:\/\/schema.org\/image\" title=\"60408028_645006222606411_6058157770232823808_n\" alt=\"60408028_645006222606411_6058157770232823808_n\" style=\"width: 396px; height: 396px;\" \/> <\/a> <\/div> <\/div> <!-- close group --> <\/div> <!-- close row --> <div class=\"gallery-row\" style=\"width: 1200px; height: 800px;\" data-original-width=\"1200\" data-original-height=\"800\" > <div class=\"gallery-group images-2\" style=\"width: 400px; height: 800px;\" data-original-width=\"400\" data-original-height=\"800\" > <div class=\"tiled-gallery-item tiled-gallery-item-large\" itemprop=\"associatedMedia\" itemscope itemtype=\"http:\/\/schema.org\/ImageObject\"> <a href=\"https:\/\/keinesweibesknecht.de\/?attachment_id=1450\" border=\"0\" itemprop=\"url\"> <meta itemprop=\"width\" content=\"396\"> <meta itemprop=\"height\" content=\"396\"> <img data-attachment-id=\"1450\" data-orig-file=\"https:\/\/keinesweibesknecht.de\/wp-content\/uploads\/2019\/06\/64575603_2379573305430492_8208364113965875200_n.jpg\" data-orig-size=\"960,960\" data-comments-opened=\"1\" data-image-meta=\"{&quot;aperture&quot;:&quot;0&quot;,&quot;credit&quot;:&quot;&quot;,&quot;camera&quot;:&quot;&quot;,&quot;caption&quot;:&quot;&quot;,&quot;created_timestamp&quot;:&quot;0&quot;,&quot;copyright&quot;:&quot;&quot;,&quot;focal_length&quot;:&quot;0&quot;,&quot;iso&quot;:&quot;0&quot;,&quot;shutter_speed&quot;:&quot;0&quot;,&quot;title&quot;:&quot;&quot;,&quot;orientation&quot;:&quot;0&quot;}\" data-image-title=\"64575603_2379573305430492_8208364113965875200_n\" data-image-description=\"\" data-medium-file=\"https:\/\/keinesweibesknecht.de\/wp-content\/uploads\/2019\/06\/64575603_2379573305430492_8208364113965875200_n-300x300.jpg\" data-large-file=\"https:\/\/keinesweibesknecht.de\/wp-content\/uploads\/2019\/06\/64575603_2379573305430492_8208364113965875200_n-845x845.jpg\" src=\"https:\/\/i0.wp.com\/keinesweibesknecht.de\/wp-content\/uploads\/2019\/06\/64575603_2379573305430492_8208364113965875200_n.jpg?w=396&#038;h=396&#038;crop=1&#038;ssl=1\" width=\"396\" height=\"396\" data-original-width=\"396\" data-original-height=\"396\" itemprop=\"http:\/\/schema.org\/image\" title=\"64575603_2379573305430492_8208364113965875200_n\" alt=\"64575603_2379573305430492_8208364113965875200_n\" style=\"width: 396px; height: 396px;\" \/> <\/a> <\/div> <div class=\"tiled-gallery-item tiled-gallery-item-large\" itemprop=\"associatedMedia\" itemscope itemtype=\"http:\/\/schema.org\/ImageObject\"> <a href=\"https:\/\/keinesweibesknecht.de\/?attachment_id=1451\" border=\"0\" itemprop=\"url\"> <meta itemprop=\"width\" content=\"396\"> <meta itemprop=\"height\" content=\"396\"> <img data-attachment-id=\"1451\" data-orig-file=\"https:\/\/keinesweibesknecht.de\/wp-content\/uploads\/2019\/06\/64263335_2379572815430541_8145420066867904512_n.jpg\" data-orig-size=\"960,960\" data-comments-opened=\"1\" data-image-meta=\"{&quot;aperture&quot;:&quot;0&quot;,&quot;credit&quot;:&quot;&quot;,&quot;camera&quot;:&quot;&quot;,&quot;caption&quot;:&quot;&quot;,&quot;created_timestamp&quot;:&quot;0&quot;,&quot;copyright&quot;:&quot;&quot;,&quot;focal_length&quot;:&quot;0&quot;,&quot;iso&quot;:&quot;0&quot;,&quot;shutter_speed&quot;:&quot;0&quot;,&quot;title&quot;:&quot;&quot;,&quot;orientation&quot;:&quot;0&quot;}\" data-image-title=\"64263335_2379572815430541_8145420066867904512_n\" data-image-description=\"\" data-medium-file=\"https:\/\/keinesweibesknecht.de\/wp-content\/uploads\/2019\/06\/64263335_2379572815430541_8145420066867904512_n-300x300.jpg\" data-large-file=\"https:\/\/keinesweibesknecht.de\/wp-content\/uploads\/2019\/06\/64263335_2379572815430541_8145420066867904512_n-845x845.jpg\" src=\"https:\/\/i0.wp.com\/keinesweibesknecht.de\/wp-content\/uploads\/2019\/06\/64263335_2379572815430541_8145420066867904512_n.jpg?w=396&#038;h=396&#038;crop=1&#038;ssl=1\" width=\"396\" height=\"396\" data-original-width=\"396\" data-original-height=\"396\" itemprop=\"http:\/\/schema.org\/image\" title=\"64263335_2379572815430541_8145420066867904512_n\" alt=\"64263335_2379572815430541_8145420066867904512_n\" style=\"width: 396px; height: 396px;\" \/> <\/a> <\/div> <\/div> <!-- close group --> <div class=\"gallery-group images-1\" style=\"width: 800px; height: 800px;\" data-original-width=\"800\" data-original-height=\"800\" > <div class=\"tiled-gallery-item tiled-gallery-item-large\" itemprop=\"associatedMedia\" itemscope itemtype=\"http:\/\/schema.org\/ImageObject\"> <a href=\"https:\/\/keinesweibesknecht.de\/?attachment_id=1446\" border=\"0\" itemprop=\"url\"> <meta itemprop=\"width\" content=\"796\"> <meta itemprop=\"height\" content=\"796\"> <img data-attachment-id=\"1446\" data-orig-file=\"https:\/\/keinesweibesknecht.de\/wp-content\/uploads\/2019\/06\/60396730_645006262606407_7078511471411331072_n.jpg\" data-orig-size=\"913,913\" data-comments-opened=\"1\" data-image-meta=\"{&quot;aperture&quot;:&quot;0&quot;,&quot;credit&quot;:&quot;&quot;,&quot;camera&quot;:&quot;&quot;,&quot;caption&quot;:&quot;&quot;,&quot;created_timestamp&quot;:&quot;0&quot;,&quot;copyright&quot;:&quot;&quot;,&quot;focal_length&quot;:&quot;0&quot;,&quot;iso&quot;:&quot;0&quot;,&quot;shutter_speed&quot;:&quot;0&quot;,&quot;title&quot;:&quot;&quot;,&quot;orientation&quot;:&quot;0&quot;}\" data-image-title=\"60396730_645006262606407_7078511471411331072_n\" data-image-description=\"\" data-medium-file=\"https:\/\/keinesweibesknecht.de\/wp-content\/uploads\/2019\/06\/60396730_645006262606407_7078511471411331072_n-300x300.jpg\" data-large-file=\"https:\/\/keinesweibesknecht.de\/wp-content\/uploads\/2019\/06\/60396730_645006262606407_7078511471411331072_n-845x845.jpg\" src=\"https:\/\/i0.wp.com\/keinesweibesknecht.de\/wp-content\/uploads\/2019\/06\/60396730_645006262606407_7078511471411331072_n.jpg?w=796&#038;h=796&#038;crop=1&#038;ssl=1\" width=\"796\" height=\"796\" data-original-width=\"796\" data-original-height=\"796\" itemprop=\"http:\/\/schema.org\/image\" title=\"60396730_645006262606407_7078511471411331072_n\" alt=\"60396730_645006262606407_7078511471411331072_n\" style=\"width: 796px; height: 796px;\" \/> <\/a> <\/div> <\/div> <!-- close group --> <\/div> <!-- close row --> <div class=\"gallery-row\" style=\"width: 1200px; height: 344px;\" data-original-width=\"1200\" data-original-height=\"344\" > <div class=\"gallery-group images-1\" style=\"width: 456px; height: 344px;\" data-original-width=\"456\" data-original-height=\"344\" > <div class=\"tiled-gallery-item tiled-gallery-item-large\" itemprop=\"associatedMedia\" itemscope itemtype=\"http:\/\/schema.org\/ImageObject\"> <a href=\"https:\/\/keinesweibesknecht.de\/?attachment_id=1447\" border=\"0\" itemprop=\"url\"> <meta itemprop=\"width\" content=\"452\"> <meta itemprop=\"height\" content=\"340\"> <img data-attachment-id=\"1447\" data-orig-file=\"https:\/\/keinesweibesknecht.de\/wp-content\/uploads\/2019\/06\/60410675_645006279273072_3008430419671515136_o.jpg\" data-orig-size=\"2048,1538\" data-comments-opened=\"1\" data-image-meta=\"{&quot;aperture&quot;:&quot;0&quot;,&quot;credit&quot;:&quot;&quot;,&quot;camera&quot;:&quot;&quot;,&quot;caption&quot;:&quot;&quot;,&quot;created_timestamp&quot;:&quot;0&quot;,&quot;copyright&quot;:&quot;&quot;,&quot;focal_length&quot;:&quot;0&quot;,&quot;iso&quot;:&quot;0&quot;,&quot;shutter_speed&quot;:&quot;0&quot;,&quot;title&quot;:&quot;&quot;,&quot;orientation&quot;:&quot;0&quot;}\" data-image-title=\"60410675_645006279273072_3008430419671515136_o\" data-image-description=\"\" data-medium-file=\"https:\/\/keinesweibesknecht.de\/wp-content\/uploads\/2019\/06\/60410675_645006279273072_3008430419671515136_o-300x225.jpg\" data-large-file=\"https:\/\/keinesweibesknecht.de\/wp-content\/uploads\/2019\/06\/60410675_645006279273072_3008430419671515136_o-845x635.jpg\" src=\"https:\/\/i0.wp.com\/keinesweibesknecht.de\/wp-content\/uploads\/2019\/06\/60410675_645006279273072_3008430419671515136_o.jpg?w=452&#038;h=340&#038;ssl=1\" width=\"452\" height=\"340\" data-original-width=\"452\" data-original-height=\"340\" itemprop=\"http:\/\/schema.org\/image\" title=\"60410675_645006279273072_3008430419671515136_o\" alt=\"60410675_645006279273072_3008430419671515136_o\" style=\"width: 452px; height: 340px;\" \/> <\/a> <\/div> <\/div> <!-- close group --> <div class=\"gallery-group images-1\" style=\"width: 400px; height: 344px;\" data-original-width=\"400\" data-original-height=\"344\" > <div class=\"tiled-gallery-item tiled-gallery-item-large\" itemprop=\"associatedMedia\" itemscope itemtype=\"http:\/\/schema.org\/ImageObject\"> <a href=\"https:\/\/keinesweibesknecht.de\/?attachment_id=1449\" border=\"0\" itemprop=\"url\"> <meta itemprop=\"width\" content=\"396\"> <meta itemprop=\"height\" content=\"340\"> <img data-attachment-id=\"1449\" data-orig-file=\"https:\/\/keinesweibesknecht.de\/wp-content\/uploads\/2019\/06\/64624195_2379574398763716_626228599946477568_o.jpg\" data-orig-size=\"1119,959\" data-comments-opened=\"1\" data-image-meta=\"{&quot;aperture&quot;:&quot;0&quot;,&quot;credit&quot;:&quot;&quot;,&quot;camera&quot;:&quot;&quot;,&quot;caption&quot;:&quot;&quot;,&quot;created_timestamp&quot;:&quot;0&quot;,&quot;copyright&quot;:&quot;&quot;,&quot;focal_length&quot;:&quot;0&quot;,&quot;iso&quot;:&quot;0&quot;,&quot;shutter_speed&quot;:&quot;0&quot;,&quot;title&quot;:&quot;&quot;,&quot;orientation&quot;:&quot;0&quot;}\" data-image-title=\"64624195_2379574398763716_626228599946477568_o\" data-image-description=\"\" data-medium-file=\"https:\/\/keinesweibesknecht.de\/wp-content\/uploads\/2019\/06\/64624195_2379574398763716_626228599946477568_o-300x257.jpg\" data-large-file=\"https:\/\/keinesweibesknecht.de\/wp-content\/uploads\/2019\/06\/64624195_2379574398763716_626228599946477568_o-845x724.jpg\" src=\"https:\/\/i0.wp.com\/keinesweibesknecht.de\/wp-content\/uploads\/2019\/06\/64624195_2379574398763716_626228599946477568_o.jpg?w=396&#038;h=340&#038;ssl=1\" width=\"396\" height=\"340\" data-original-width=\"396\" data-original-height=\"340\" itemprop=\"http:\/\/schema.org\/image\" title=\"64624195_2379574398763716_626228599946477568_o\" alt=\"64624195_2379574398763716_626228599946477568_o\" style=\"width: 396px; height: 340px;\" \/> <\/a> <\/div> <\/div> <!-- close group --> <div class=\"gallery-group images-1\" style=\"width: 344px; height: 344px;\" data-original-width=\"344\" data-original-height=\"344\" > <div class=\"tiled-gallery-item tiled-gallery-item-large\" itemprop=\"associatedMedia\" itemscope itemtype=\"http:\/\/schema.org\/ImageObject\"> <a href=\"https:\/\/keinesweibesknecht.de\/?attachment_id=1452\" border=\"0\" itemprop=\"url\"> <meta itemprop=\"width\" content=\"340\"> <meta itemprop=\"height\" content=\"340\"> <img data-attachment-id=\"1452\" data-orig-file=\"https:\/\/keinesweibesknecht.de\/wp-content\/uploads\/2019\/06\/64318865_2379573842097105_3608077793440563200_n.jpg\" data-orig-size=\"960,960\" data-comments-opened=\"1\" data-image-meta=\"{&quot;aperture&quot;:&quot;0&quot;,&quot;credit&quot;:&quot;&quot;,&quot;camera&quot;:&quot;&quot;,&quot;caption&quot;:&quot;&quot;,&quot;created_timestamp&quot;:&quot;0&quot;,&quot;copyright&quot;:&quot;&quot;,&quot;focal_length&quot;:&quot;0&quot;,&quot;iso&quot;:&quot;0&quot;,&quot;shutter_speed&quot;:&quot;0&quot;,&quot;title&quot;:&quot;&quot;,&quot;orientation&quot;:&quot;0&quot;}\" data-image-title=\"64318865_2379573842097105_3608077793440563200_n\" data-image-description=\"\" data-medium-file=\"https:\/\/keinesweibesknecht.de\/wp-content\/uploads\/2019\/06\/64318865_2379573842097105_3608077793440563200_n-300x300.jpg\" data-large-file=\"https:\/\/keinesweibesknecht.de\/wp-content\/uploads\/2019\/06\/64318865_2379573842097105_3608077793440563200_n-845x845.jpg\" src=\"https:\/\/i0.wp.com\/keinesweibesknecht.de\/wp-content\/uploads\/2019\/06\/64318865_2379573842097105_3608077793440563200_n.jpg?w=340&#038;h=340&#038;crop=1&#038;ssl=1\" width=\"340\" height=\"340\" data-original-width=\"340\" data-original-height=\"340\" itemprop=\"http:\/\/schema.org\/image\" title=\"64318865_2379573842097105_3608077793440563200_n\" alt=\"64318865_2379573842097105_3608077793440563200_n\" style=\"width: 340px; height: 340px;\" \/> <\/a> <\/div> <\/div> <!-- close group --> <\/div> <!-- close row --> <\/div>\n","protected":false},"excerpt":{"rendered":"<p>Anl\u00e4sslich der Sonderausstellung &#8222;Gott erbarme es&#8220; &#8211; der 30 j\u00e4hrige Krieg im Weserraum vom Museum Nienburg, starteten die Mitglieder David und Eike von Keines Weibes Knecht ein Projekt, welches sich auschliesslich dem Thema der Kriegsknechte, insbesondere der Musketiere und Pikeniere dieser Epoche, dem 17. Jahrhundert, widmet. Das Deb\u00fct gab es im Juni 2019 im Museum [&hellip;]<\/p>\n","protected":false},"author":1,"featured_media":1552,"parent":0,"menu_order":0,"comment_status":"closed","ping_status":"closed","template":"","meta":{"ocean_post_layout":"","ocean_both_sidebars_style":"","ocean_both_sidebars_content_width":0,"ocean_both_sidebars_sidebars_width":0,"ocean_sidebar":"0","ocean_second_sidebar":"0","ocean_disable_margins":"enable","ocean_add_body_class":"","ocean_shortcode_before_top_bar":"","ocean_shortcode_after_top_bar":"","ocean_shortcode_before_header":"","ocean_shortcode_after_header":"","ocean_has_shortcode":"","ocean_shortcode_after_title":"","ocean_shortcode_before_footer_widgets":"","ocean_shortcode_after_footer_widgets":"","ocean_shortcode_before_footer_bottom":"","ocean_shortcode_after_footer_bottom":"","ocean_display_top_bar":"default","ocean_display_header":"default","ocean_header_style":"","ocean_center_header_left_menu":"0","ocean_custom_header_template":"0","ocean_custom_logo":0,"ocean_custom_retina_logo":0,"ocean_custom_logo_max_width":0,"ocean_custom_logo_tablet_max_width":0,"ocean_custom_logo_mobile_max_width":0,"ocean_custom_logo_max_height":0,"ocean_custom_logo_tablet_max_height":0,"ocean_custom_logo_mobile_max_height":0,"ocean_header_custom_menu":"0","ocean_menu_typo_font_family":"0","ocean_menu_typo_font_subset":"","ocean_menu_typo_font_size":0,"ocean_menu_typo_font_size_tablet":0,"ocean_menu_typo_font_size_mobile":0,"ocean_menu_typo_font_size_unit":"px","ocean_menu_typo_font_weight":"","ocean_menu_typo_font_weight_tablet":"","ocean_menu_typo_font_weight_mobile":"","ocean_menu_typo_transform":"","ocean_menu_typo_transform_tablet":"","ocean_menu_typo_transform_mobile":"","ocean_menu_typo_line_height":0,"ocean_menu_typo_line_height_tablet":0,"ocean_menu_typo_line_height_mobile":0,"ocean_menu_typo_line_height_unit":"","ocean_menu_typo_spacing":0,"ocean_menu_typo_spacing_tablet":0,"ocean_menu_typo_spacing_mobile":0,"ocean_menu_typo_spacing_unit":"","ocean_menu_link_color":"","ocean_menu_link_color_hover":"","ocean_menu_link_color_active":"","ocean_menu_link_background":"","ocean_menu_link_hover_background":"","ocean_menu_link_active_background":"","ocean_menu_social_links_bg":"","ocean_menu_social_hover_links_bg":"","ocean_menu_social_links_color":"","ocean_menu_social_hover_links_color":"","ocean_disable_title":"default","ocean_disable_heading":"default","ocean_post_title":"","ocean_post_subheading":"","ocean_post_title_style":"","ocean_post_title_background_color":"","ocean_post_title_background":0,"ocean_post_title_bg_image_position":"","ocean_post_title_bg_image_attachment":"","ocean_post_title_bg_image_repeat":"","ocean_post_title_bg_image_size":"","ocean_post_title_height":0,"ocean_post_title_bg_overlay":0.5,"ocean_post_title_bg_overlay_color":"","ocean_disable_breadcrumbs":"default","ocean_breadcrumbs_color":"","ocean_breadcrumbs_separator_color":"","ocean_breadcrumbs_links_color":"","ocean_breadcrumbs_links_hover_color":"","ocean_display_footer_widgets":"default","ocean_display_footer_bottom":"default","ocean_custom_footer_template":"0","jetpack_post_was_ever_published":false},"jetpack_sharing_enabled":false,"jetpack_shortlink":"https:\/\/wp.me\/P7AkNx-nh","jetpack_likes_enabled":true,"_links":{"self":[{"href":"https:\/\/keinesweibesknecht.de\/index.php?rest_route=\/wp\/v2\/pages\/1443"}],"collection":[{"href":"https:\/\/keinesweibesknecht.de\/index.php?rest_route=\/wp\/v2\/pages"}],"about":[{"href":"https:\/\/keinesweibesknecht.de\/index.php?rest_route=\/wp\/v2\/types\/page"}],"author":[{"embeddable":true,"href":"https:\/\/keinesweibesknecht.de\/index.php?rest_route=\/wp\/v2\/users\/1"}],"replies":[{"embeddable":true,"href":"https:\/\/keinesweibesknecht.de\/index.php?rest_route=%2Fwp%2Fv2%2Fcomments&post=1443"}],"version-history":[{"count":6,"href":"https:\/\/keinesweibesknecht.de\/index.php?rest_route=\/wp\/v2\/pages\/1443\/revisions"}],"predecessor-version":[{"id":1464,"href":"https:\/\/keinesweibesknecht.de\/index.php?rest_route=\/wp\/v2\/pages\/1443\/revisions\/1464"}],"wp:featuredmedia":[{"embeddable":true,"href":"https:\/\/keinesweibesknecht.de\/index.php?rest_route=\/wp\/v2\/media\/1552"}],"wp:attachment":[{"href":"https:\/\/keinesweibesknecht.de\/index.php?rest_route=%2Fwp%2Fv2%2Fmedia&parent=1443"}],"curies":[{"name":"wp","href":"https:\/\/api.w.org\/{rel}","templated":true}]}}